{"id":616,"date":"2019-11-18T15:57:49","date_gmt":"2019-11-18T14:57:49","guid":{"rendered":"https:\/\/schloss-cafe-freiberg.de\/inhalt\/?page_id=616"},"modified":"2020-10-29T11:05:54","modified_gmt":"2020-10-29T10:05:54","slug":"salon-heinrich","status":"publish","type":"page","link":"https:\/\/schloss-cafe-freiberg.de\/inhalt\/salon-heinrich\/","title":{"rendered":"Salon Heinrich"},"content":{"rendered":"\n<p>F\u00fcr stimmungsvolle Festlichkeiten bietet auch unser Salon Heinrich das passende Ambiente.<\/p>\n\n\n\n<ul class=\"wp-block-list\"><li>Platz f\u00fcr bis zu 25 Personen<\/li><li>elegante Einrichtung f\u00fcr Festlichkeiten aller Art<\/li><li>optimal f\u00fcr Geburtstage, Familienfeiern und kleinere Weihnachtsfeiern<\/li><\/ul>\n\n\n\nngg_shortcode_0_placeholder\n","protected":false},"excerpt":{"rendered":"<p>F\u00fcr stimmungsvolle Festlichkeiten bietet auch unser Salon Heinrich das passende Ambiente. Platz f\u00fcr bis zu 25 Personen elegante Einrichtung f\u00fcr Festlichkeiten aller Art optimal f\u00fcr Geburtstage, Familienfeiern und kleinere Weihnachtsfeiern<\/p>\n","protected":false},"author":1,"featured_media":619,"parent":0,"menu_order":0,"comment_status":"closed","ping_status":"closed","template":"","meta":{"ngg_post_thumbnail":0,"footnotes":""},"class_list":["post-616","page","type-page","status-publish","has-post-thumbnail","hentry"],"_links":{"self":[{"href":"https:\/\/schloss-cafe-freiberg.de\/inhalt\/wp-json\/wp\/v2\/pages\/616","targetHints":{"allow":["GET"]}}],"collection":[{"href":"https:\/\/schloss-cafe-freiberg.de\/inhalt\/wp-json\/wp\/v2\/pages"}],"about":[{"href":"https:\/\/schloss-cafe-freiberg.de\/inhalt\/wp-json\/wp\/v2\/types\/page"}],"author":[{"embeddable":true,"href":"https:\/\/schloss-cafe-freiberg.de\/inhalt\/wp-json\/wp\/v2\/users\/1"}],"replies":[{"embeddable":true,"href":"https:\/\/schloss-cafe-freiberg.de\/inhalt\/wp-json\/wp\/v2\/comments?post=616"}],"version-history":[{"count":8,"href":"https:\/\/schloss-cafe-freiberg.de\/inhalt\/wp-json\/wp\/v2\/pages\/616\/revisions"}],"predecessor-version":[{"id":841,"href":"https:\/\/schloss-cafe-freiberg.de\/inhalt\/wp-json\/wp\/v2\/pages\/616\/revisions\/841"}],"wp:featuredmedia":[{"embeddable":true,"href":"https:\/\/schloss-cafe-freiberg.de\/inhalt\/wp-json\/wp\/v2\/media\/619"}],"wp:attachment":[{"href":"https:\/\/schloss-cafe-freiberg.de\/inhalt\/wp-json\/wp\/v2\/media?parent=616"}],"curies":[{"name":"wp","href":"https:\/\/api.w.org\/{rel}","templated":true}]}}