{"id":39,"date":"2015-04-15T14:52:29","date_gmt":"2015-04-15T12:52:29","guid":{"rendered":"https:\/\/schloss-cafe-freiberg.de\/inhalt\/?page_id=39"},"modified":"2026-03-23T17:14:54","modified_gmt":"2026-03-23T16:14:54","slug":"tickets-souvenirs","status":"publish","type":"page","link":"https:\/\/schloss-cafe-freiberg.de\/inhalt\/tickets-souvenirs\/","title":{"rendered":"Infos, Tickets &#038; Souvenirs"},"content":{"rendered":"<p>&nbsp;<\/p>\n<div class=\"one_half\">\n<p>In unserem Caf\u00e9 finden Sie eine gro\u00dfe Auswahl an Souvenirs der Stadt Freiberg, sowie Reisef\u00fchrer, Wanderkarten und Traditionelles Handwerk aus Freiberg, wie z.B. Freiberger Porzellan und Freiberger Zinn. Au\u00dferdem erhalten Sie bei uns Informationen rund um Freiberg, seine Sehensw\u00fcrdigkeiten und Umgebung.<br \/>\nAls offizielle Vorverkaufsstelle von CTS eventim k\u00f6nnen Sie bei uns Tickets f\u00fcr alle Veranstaltungen des Tivoli und der Freiberger Sommern\u00e4chte erwerben sowie f\u00fcr viele Veranstaltungen in Freiberg und ganz Deutschland.<\/p>\n<p><a href=\"https:\/\/www.eventim.de\/city\/freiberg-2421\/venue\/schloss-freudenstein-freiberg-9761\/\"><img loading=\"lazy\" decoding=\"async\" class=\"size-medium wp-image-1211 aligncenter\" src=\"https:\/\/schloss-cafe-freiberg.de\/inhalt\/wp-content\/uploads\/eventim_rgb_farbe_4c_pos-300x114.png\" alt=\"\" width=\"300\" height=\"114\" srcset=\"https:\/\/schloss-cafe-freiberg.de\/inhalt\/wp-content\/uploads\/eventim_rgb_farbe_4c_pos-300x114.png 300w, https:\/\/schloss-cafe-freiberg.de\/inhalt\/wp-content\/uploads\/eventim_rgb_farbe_4c_pos-768x292.png 768w, https:\/\/schloss-cafe-freiberg.de\/inhalt\/wp-content\/uploads\/eventim_rgb_farbe_4c_pos.png 1001w\" sizes=\"auto, (max-width: 300px) 100vw, 300px\" \/><\/a><\/p>\n<p>&nbsp;<\/p>\n<p>&nbsp;<\/p>\n<\/div>\n<div class=\"one_half last\">\n<p><img loading=\"lazy\" decoding=\"async\" class=\"aligncenter wp-image-302\" src=\"https:\/\/schloss-cafe-freiberg.de\/inhalt\/wp-content\/uploads\/souvenirs1.jpg\" alt=\"souvenirs1\" width=\"400\" height=\"300\" srcset=\"https:\/\/schloss-cafe-freiberg.de\/inhalt\/wp-content\/uploads\/souvenirs1.jpg 1000w, https:\/\/schloss-cafe-freiberg.de\/inhalt\/wp-content\/uploads\/souvenirs1-300x225.jpg 300w\" sizes=\"auto, (max-width: 400px) 100vw, 400px\" \/><\/p>\n<\/div><div class=\"clearboth\"><\/div>\n<div class=\"one_half\">\n<p><img loading=\"lazy\" decoding=\"async\" class=\"aligncenter wp-image-301\" src=\"https:\/\/schloss-cafe-freiberg.de\/inhalt\/wp-content\/uploads\/souvenirs.jpg\" alt=\"souvenirs\" width=\"400\" height=\"300\" srcset=\"https:\/\/schloss-cafe-freiberg.de\/inhalt\/wp-content\/uploads\/souvenirs.jpg 1000w, https:\/\/schloss-cafe-freiberg.de\/inhalt\/wp-content\/uploads\/souvenirs-300x225.jpg 300w\" sizes=\"auto, (max-width: 400px) 100vw, 400px\" \/><\/p>\n<\/div>\n<div class=\"one_half last\">\n<p><img loading=\"lazy\" decoding=\"async\" class=\"aligncenter wp-image-303\" src=\"https:\/\/schloss-cafe-freiberg.de\/inhalt\/wp-content\/uploads\/souvenirs3.jpg\" alt=\"souvenirs3\" width=\"400\" height=\"300\" srcset=\"https:\/\/schloss-cafe-freiberg.de\/inhalt\/wp-content\/uploads\/souvenirs3.jpg 1000w, https:\/\/schloss-cafe-freiberg.de\/inhalt\/wp-content\/uploads\/souvenirs3-300x225.jpg 300w\" sizes=\"auto, (max-width: 400px) 100vw, 400px\" \/><\/p>\n<\/div><div class=\"clearboth\"><\/div>\n<div class=\"one_half\">\n<p><img loading=\"lazy\" decoding=\"async\" class=\"aligncenter wp-image-343\" src=\"https:\/\/schloss-cafe-freiberg.de\/inhalt\/wp-content\/uploads\/raechermaenner.jpg\" alt=\"raechermaenner\" width=\"400\" height=\"299\" srcset=\"https:\/\/schloss-cafe-freiberg.de\/inhalt\/wp-content\/uploads\/raechermaenner.jpg 2887w, https:\/\/schloss-cafe-freiberg.de\/inhalt\/wp-content\/uploads\/raechermaenner-300x224.jpg 300w, https:\/\/schloss-cafe-freiberg.de\/inhalt\/wp-content\/uploads\/raechermaenner-1024x764.jpg 1024w\" sizes=\"auto, (max-width: 400px) 100vw, 400px\" \/><\/p>\n<\/div>\n<div class=\"one_half last\">\n<p><img loading=\"lazy\" decoding=\"async\" class=\"aligncenter wp-image-344\" src=\"https:\/\/schloss-cafe-freiberg.de\/inhalt\/wp-content\/uploads\/schwippbogen.jpg\" alt=\"schwippbogen\" width=\"400\" height=\"300\" srcset=\"https:\/\/schloss-cafe-freiberg.de\/inhalt\/wp-content\/uploads\/schwippbogen.jpg 1000w, https:\/\/schloss-cafe-freiberg.de\/inhalt\/wp-content\/uploads\/schwippbogen-300x225.jpg 300w\" sizes=\"auto, (max-width: 400px) 100vw, 400px\" \/><\/div><div class=\"clearboth\"><\/div>\n<a href=\"https:\/\/schloss-cafe-freiberg.de\/inhalt\/wp-content\/uploads\/tassen.jpg\"><img loading=\"lazy\" decoding=\"async\" class=\"aligncenter size-full wp-image-345\" src=\"https:\/\/schloss-cafe-freiberg.de\/inhalt\/wp-content\/uploads\/tassen.jpg\" alt=\"tassen\" width=\"1000\" height=\"352\" srcset=\"https:\/\/schloss-cafe-freiberg.de\/inhalt\/wp-content\/uploads\/tassen.jpg 1000w, https:\/\/schloss-cafe-freiberg.de\/inhalt\/wp-content\/uploads\/tassen-300x106.jpg 300w\" sizes=\"auto, (max-width: 1000px) 100vw, 1000px\" \/><\/a><\/p>\n<p>&nbsp;<\/p>\n","protected":false},"excerpt":{"rendered":"<p>&nbsp; &nbsp;<\/p>\n","protected":false},"author":1,"featured_media":0,"parent":0,"menu_order":0,"comment_status":"closed","ping_status":"closed","template":"","meta":{"ngg_post_thumbnail":0,"footnotes":""},"class_list":["post-39","page","type-page","status-publish","hentry"],"_links":{"self":[{"href":"https:\/\/schloss-cafe-freiberg.de\/inhalt\/wp-json\/wp\/v2\/pages\/39","targetHints":{"allow":["GET"]}}],"collection":[{"href":"https:\/\/schloss-cafe-freiberg.de\/inhalt\/wp-json\/wp\/v2\/pages"}],"about":[{"href":"https:\/\/schloss-cafe-freiberg.de\/inhalt\/wp-json\/wp\/v2\/types\/page"}],"author":[{"embeddable":true,"href":"https:\/\/schloss-cafe-freiberg.de\/inhalt\/wp-json\/wp\/v2\/users\/1"}],"replies":[{"embeddable":true,"href":"https:\/\/schloss-cafe-freiberg.de\/inhalt\/wp-json\/wp\/v2\/comments?post=39"}],"version-history":[{"count":21,"href":"https:\/\/schloss-cafe-freiberg.de\/inhalt\/wp-json\/wp\/v2\/pages\/39\/revisions"}],"predecessor-version":[{"id":1213,"href":"https:\/\/schloss-cafe-freiberg.de\/inhalt\/wp-json\/wp\/v2\/pages\/39\/revisions\/1213"}],"wp:attachment":[{"href":"https:\/\/schloss-cafe-freiberg.de\/inhalt\/wp-json\/wp\/v2\/media?parent=39"}],"curies":[{"name":"wp","href":"https:\/\/api.w.org\/{rel}","templated":true}]}}