{"id":31,"date":"2015-04-15T14:51:23","date_gmt":"2015-04-15T12:51:23","guid":{"rendered":"https:\/\/schloss-cafe-freiberg.de\/inhalt\/?page_id=31"},"modified":"2019-10-23T14:43:43","modified_gmt":"2019-10-23T12:43:43","slug":"saal","status":"publish","type":"page","link":"https:\/\/schloss-cafe-freiberg.de\/inhalt\/saal\/","title":{"rendered":"Saal"},"content":{"rendered":"<p>F\u00fcr Ihre Feierlichkeiten k\u00f6nnen wir Ihnen zwei R\u00e4umlichkeiten im Obergeschoss des Schlosses mit sch\u00f6nster Aussicht auf den Innenhof und dem Schlossplatz empfehlen. F\u00fcr gr\u00f6\u00dfere Gesellschaften bietet unser Saal die besten Voraussetzungen.<\/p>\n<ul>\n<li>Platz f\u00fcr 60 Personen<\/li>\n<li>ideal f\u00fcr Familienfeiern, Geburtstage, Weihnachts- und Firmenfeiern, sowie Tagungen und Konferenzen<\/li>\n<li>unterschiedliche Bestuhlungsvarianten m\u00f6glich<\/li>\n<li>Leinwand und Musikanlage zur freien Verf\u00fcgung<\/li>\n<\/ul>\n<p>Bei gr\u00f6\u00dferen Veranstaltungen kann auch das nebengelegene <a href=\"https:\/\/schloss-cafe-freiberg.de\/inhalt\/kaminzimmer\/\">Kaminzimmer<\/a> einbezogen und als Buffetraum oder als Spielzimmer f\u00fcr Kinder genutzt werden.<\/p>\n<p>Durch die N\u00e4he zum Standesamt eignen sich alle R\u00e4ume sehr gut f\u00fcr Ihre Hochzeitsfeiern.<\/p>\n<p>&nbsp;<\/p>\nngg_shortcode_0_placeholder\n","protected":false},"excerpt":{"rendered":"<p>F\u00fcr Ihre Feierlichkeiten k\u00f6nnen wir Ihnen zwei R\u00e4umlichkeiten im Obergeschoss des Schlosses mit sch\u00f6nster Aussicht auf den Innenhof und dem Schlossplatz empfehlen. F\u00fcr gr\u00f6\u00dfere Gesellschaften bietet unser Saal die besten Voraussetzungen. Platz f\u00fcr 60 Personen ideal f\u00fcr Familienfeiern, Geburtstage, Weihnachts- und Firmenfeiern, sowie Tagungen und Konferenzen unterschiedliche Bestuhlungsvarianten m\u00f6glich Leinwand und Musikanlage zur freien Verf\u00fcgung [&hellip;]<\/p>\n","protected":false},"author":1,"featured_media":205,"parent":0,"menu_order":0,"comment_status":"closed","ping_status":"closed","template":"","meta":{"ngg_post_thumbnail":0,"footnotes":""},"class_list":["post-31","page","type-page","status-publish","has-post-thumbnail","hentry"],"_links":{"self":[{"href":"https:\/\/schloss-cafe-freiberg.de\/inhalt\/wp-json\/wp\/v2\/pages\/31","targetHints":{"allow":["GET"]}}],"collection":[{"href":"https:\/\/schloss-cafe-freiberg.de\/inhalt\/wp-json\/wp\/v2\/pages"}],"about":[{"href":"https:\/\/schloss-cafe-freiberg.de\/inhalt\/wp-json\/wp\/v2\/types\/page"}],"author":[{"embeddable":true,"href":"https:\/\/schloss-cafe-freiberg.de\/inhalt\/wp-json\/wp\/v2\/users\/1"}],"replies":[{"embeddable":true,"href":"https:\/\/schloss-cafe-freiberg.de\/inhalt\/wp-json\/wp\/v2\/comments?post=31"}],"version-history":[{"count":10,"href":"https:\/\/schloss-cafe-freiberg.de\/inhalt\/wp-json\/wp\/v2\/pages\/31\/revisions"}],"predecessor-version":[{"id":626,"href":"https:\/\/schloss-cafe-freiberg.de\/inhalt\/wp-json\/wp\/v2\/pages\/31\/revisions\/626"}],"wp:featuredmedia":[{"embeddable":true,"href":"https:\/\/schloss-cafe-freiberg.de\/inhalt\/wp-json\/wp\/v2\/media\/205"}],"wp:attachment":[{"href":"https:\/\/schloss-cafe-freiberg.de\/inhalt\/wp-json\/wp\/v2\/media?parent=31"}],"curies":[{"name":"wp","href":"https:\/\/api.w.org\/{rel}","templated":true}]}}