{"id":29,"date":"2015-04-15T14:51:09","date_gmt":"2015-04-15T12:51:09","guid":{"rendered":"https:\/\/schloss-cafe-freiberg.de\/inhalt\/?page_id=29"},"modified":"2019-11-18T15:59:20","modified_gmt":"2019-11-18T14:59:20","slug":"raeumlichkeiten","status":"publish","type":"page","link":"https:\/\/schloss-cafe-freiberg.de\/inhalt\/raeumlichkeiten\/","title":{"rendered":"R\u00e4umlichkeiten"},"content":{"rendered":"<p>Die R\u00e4umlichkeiten des <a href=\"https:\/\/schloss-cafe-freiberg.de\/inhalt\/cafe\/\">Schloss-Caf\u00e9s<\/a>, den <a href=\"https:\/\/schloss-cafe-freiberg.de\/inhalt\/salon-heinrich\/\">Salon Heinrich<\/a>, das <a href=\"https:\/\/schloss-cafe-freiberg.de\/inhalt\/kaminzimmer\/\">Kaminzimmer<\/a> und den <a href=\"https:\/\/schloss-cafe-freiberg.de\/inhalt\/saal\/\">Saal<\/a> k\u00f6nnen Sie f\u00fcr Ihre Feiern, Konferenzen und Tagungen nutzen. Der <a href=\"https:\/\/schloss-cafe-freiberg.de\/inhalt\/biergarten\/\">Biergarten<\/a> l\u00e4dt bei sch\u00f6nem Wetter zum Feiern ein.<\/p>\n<p>Wir stellen Ihnen hier diese vor und beraten Sie gern.<\/p>\n<p><img loading=\"lazy\" decoding=\"async\" class=\"aligncenter wp-image-202\" src=\"https:\/\/schloss-cafe-freiberg.de\/inhalt\/wp-content\/uploads\/8a-1024x681.jpg\" alt=\"8a\" width=\"960\" height=\"639\" srcset=\"https:\/\/schloss-cafe-freiberg.de\/inhalt\/wp-content\/uploads\/8a-1024x681.jpg 1024w, https:\/\/schloss-cafe-freiberg.de\/inhalt\/wp-content\/uploads\/8a-300x200.jpg 300w, https:\/\/schloss-cafe-freiberg.de\/inhalt\/wp-content\/uploads\/8a.jpg 2000w\" sizes=\"auto, (max-width: 960px) 100vw, 960px\" \/><\/p>\n","protected":false},"excerpt":{"rendered":"<p>Die R\u00e4umlichkeiten des Schloss-Caf\u00e9s, den Salon Heinrich, das Kaminzimmer und den Saal k\u00f6nnen Sie f\u00fcr Ihre Feiern, Konferenzen und Tagungen nutzen. Der Biergarten l\u00e4dt bei sch\u00f6nem Wetter zum Feiern ein. Wir stellen Ihnen hier diese vor und beraten Sie gern.<\/p>\n","protected":false},"author":1,"featured_media":0,"parent":0,"menu_order":0,"comment_status":"closed","ping_status":"closed","template":"","meta":{"ngg_post_thumbnail":0,"footnotes":""},"class_list":["post-29","page","type-page","status-publish","hentry"],"_links":{"self":[{"href":"https:\/\/schloss-cafe-freiberg.de\/inhalt\/wp-json\/wp\/v2\/pages\/29","targetHints":{"allow":["GET"]}}],"collection":[{"href":"https:\/\/schloss-cafe-freiberg.de\/inhalt\/wp-json\/wp\/v2\/pages"}],"about":[{"href":"https:\/\/schloss-cafe-freiberg.de\/inhalt\/wp-json\/wp\/v2\/types\/page"}],"author":[{"embeddable":true,"href":"https:\/\/schloss-cafe-freiberg.de\/inhalt\/wp-json\/wp\/v2\/users\/1"}],"replies":[{"embeddable":true,"href":"https:\/\/schloss-cafe-freiberg.de\/inhalt\/wp-json\/wp\/v2\/comments?post=29"}],"version-history":[{"count":15,"href":"https:\/\/schloss-cafe-freiberg.de\/inhalt\/wp-json\/wp\/v2\/pages\/29\/revisions"}],"predecessor-version":[{"id":631,"href":"https:\/\/schloss-cafe-freiberg.de\/inhalt\/wp-json\/wp\/v2\/pages\/29\/revisions\/631"}],"wp:attachment":[{"href":"https:\/\/schloss-cafe-freiberg.de\/inhalt\/wp-json\/wp\/v2\/media?parent=29"}],"curies":[{"name":"wp","href":"https:\/\/api.w.org\/{rel}","templated":true}]}}