{"id":161,"date":"2015-08-03T15:09:55","date_gmt":"2015-08-03T13:09:55","guid":{"rendered":"https:\/\/schloss-cafe-freiberg.de\/inhalt\/?page_id=161"},"modified":"2015-08-18T18:46:19","modified_gmt":"2015-08-18T16:46:19","slug":"schloss-cafe-2","status":"publish","type":"page","link":"https:\/\/schloss-cafe-freiberg.de\/inhalt\/schloss-cafe-2\/","title":{"rendered":"Schloss-Caf\u00e9"},"content":{"rendered":"<p>Mitten im Herzen von Freiberg finden Sie unser Caf\u00e9 in den R\u00e4umlichkeiten des Schloss Freudenstein. Bei uns k\u00f6nnen Sie sich bei einer Tasse Kaffee und einem St\u00fcck Kuchen entspannen oder auch eine warme K\u00f6stlichkeit zu sich nehmen und sich \u00fcber Besucherziele in und um Freiberg informieren. In unserem Caf\u00e9 bieten wie Ihnen eine breite Auswahl an Speisen und Getr\u00e4nken. Unsere renovierten R\u00e4ume sind au\u00dferdem gut geeignet f\u00fcr Konferenzen, Tagungen und Feiern im gr\u00f6\u00dferen und kleineren Kreis. In den Sommermonaten finden Sie unseren Biergarten im Schlosshof und auf dem Schlossplatz. Weiteres dazu unter \u201e<a href=\"https:\/\/schloss-cafe-freiberg.de\/inhalt\/raeumlichkeiten\/\">R\u00e4umlichkeiten<\/a>\u201c.<\/p>\n<p><img loading=\"lazy\" decoding=\"async\" class=\"aligncenter wp-image-196\" src=\"https:\/\/schloss-cafe-freiberg.de\/inhalt\/wp-content\/uploads\/2a--1024x681.jpg\" alt=\"2a\" width=\"960\" height=\"639\" srcset=\"https:\/\/schloss-cafe-freiberg.de\/inhalt\/wp-content\/uploads\/2a--1024x681.jpg 1024w, https:\/\/schloss-cafe-freiberg.de\/inhalt\/wp-content\/uploads\/2a--300x200.jpg 300w, https:\/\/schloss-cafe-freiberg.de\/inhalt\/wp-content\/uploads\/2a-.jpg 2000w\" sizes=\"auto, (max-width: 960px) 100vw, 960px\" \/><\/p>\n","protected":false},"excerpt":{"rendered":"<p>Mitten im Herzen von Freiberg finden Sie unser Caf\u00e9 in den R\u00e4umlichkeiten des Schloss Freudenstein. Bei uns k\u00f6nnen Sie sich bei einer Tasse Kaffee und einem St\u00fcck Kuchen entspannen oder auch eine warme K\u00f6stlichkeit zu sich nehmen und sich \u00fcber Besucherziele in und um Freiberg informieren. In unserem Caf\u00e9 bieten wie Ihnen eine breite Auswahl [&hellip;]<\/p>\n","protected":false},"author":1,"featured_media":0,"parent":0,"menu_order":0,"comment_status":"closed","ping_status":"closed","template":"","meta":{"ngg_post_thumbnail":0,"footnotes":""},"class_list":["post-161","page","type-page","status-publish","hentry"],"_links":{"self":[{"href":"https:\/\/schloss-cafe-freiberg.de\/inhalt\/wp-json\/wp\/v2\/pages\/161","targetHints":{"allow":["GET"]}}],"collection":[{"href":"https:\/\/schloss-cafe-freiberg.de\/inhalt\/wp-json\/wp\/v2\/pages"}],"about":[{"href":"https:\/\/schloss-cafe-freiberg.de\/inhalt\/wp-json\/wp\/v2\/types\/page"}],"author":[{"embeddable":true,"href":"https:\/\/schloss-cafe-freiberg.de\/inhalt\/wp-json\/wp\/v2\/users\/1"}],"replies":[{"embeddable":true,"href":"https:\/\/schloss-cafe-freiberg.de\/inhalt\/wp-json\/wp\/v2\/comments?post=161"}],"version-history":[{"count":6,"href":"https:\/\/schloss-cafe-freiberg.de\/inhalt\/wp-json\/wp\/v2\/pages\/161\/revisions"}],"predecessor-version":[{"id":252,"href":"https:\/\/schloss-cafe-freiberg.de\/inhalt\/wp-json\/wp\/v2\/pages\/161\/revisions\/252"}],"wp:attachment":[{"href":"https:\/\/schloss-cafe-freiberg.de\/inhalt\/wp-json\/wp\/v2\/media?parent=161"}],"curies":[{"name":"wp","href":"https:\/\/api.w.org\/{rel}","templated":true}]}}